{"id":32,"date":"2024-01-13T20:57:11","date_gmt":"2024-01-13T20:57:11","guid":{"rendered":"https:\/\/amautasbusiness.com\/?page_id=32"},"modified":"2025-10-31T04:30:51","modified_gmt":"2025-10-31T04:30:51","slug":"contacto","status":"publish","type":"page","link":"https:\/\/amautasbusiness.com\/en\/contacto\/","title":{"rendered":"Contact us"},"content":{"rendered":"<p>[et_pb_section fb_built=\u00bb1&#8243; _builder_version=\u00bb4.23.4&#8243; _module_preset=\u00bbdefault\u00bb background_image=\u00bbhttps:\/\/amautasbusiness.com\/wp-content\/uploads\/2024\/01\/footer-AMAUTAS-10.jpg\u00bb height=\u00bb400px\u00bb custom_margin_tablet=\u00bb190px||||false|false\u00bb custom_margin_phone=\u00bb120px||||false|false\u00bb custom_margin_last_edited=\u00bbon|tablet\u00bb global_colors_info=\u00bb{}\u00bb][et_pb_row _builder_version=\u00bb4.23.2&#8243; _module_preset=\u00bbdefault\u00bb custom_margin=\u00bb150px||||false|false\u00bb locked=\u00bboff\u00bb global_colors_info=\u00bb{}\u00bb][et_pb_column type=\u00bb4_4&#8243; _builder_version=\u00bb4.23.2&#8243; _module_preset=\u00bbdefault\u00bb global_colors_info=\u00bb{}\u00bb][et_pb_text content_tablet=\u00bb<\/p>\n<p><span style=\"%22text-decoration:\" line-through;%22><strong>&#8230;&#8230;.<\/strong><\/span><strong> <\/strong>CONTACT US <span style=\"%22text-decoration:\" line-through;%22><strong>&#8230;&#8230;.<\/strong><\/span><\/p>\n<p>\u00bb content_phone=\u00bb<\/p>\n<p><span style=\"%22text-decoration:\" line-through;%22><strong>&#8230;&#8230;&#8230;&#8230;&#8230;.<\/strong><\/span><\/p>\n<p>CONTACT US<\/p>\n<p>\u00bb content_last_edited=\u00bbon|phone\u00bb _builder_version=\u00bb4.23.2&#8243; _module_preset=\u00bbdefault\u00bb text_font=\u00bbPoppins|600|||||||\u00bb text_text_color=\u00bb#FFFFFF\u00bb text_font_size=\u00bb76px\u00bb text_orientation=\u00bbcenter\u00bb custom_margin=\u00bb||||false|true\u00bb custom_padding=\u00bb30px||||false|true\u00bb custom_padding_tablet=\u00bb30px||||false|true\u00bb custom_padding_phone=\u00bb40px||||false|true\u00bb custom_padding_last_edited=\u00bbon|phone\u00bb text_font_size_tablet=\u00bb50px\u00bb text_font_size_phone=\u00bb45px\u00bb text_font_size_last_edited=\u00bbon|phone\u00bb text_line_height_tablet=\u00bb\u00bb text_line_height_phone=\u00bb0em\u00bb text_line_height_last_edited=\u00bbon|phone\u00bb border_width_top=\u00bb5px\u00bb border_color_top=\u00bb#FFFFFF\u00bb border_width_top_tablet=\u00bb5px\u00bb border_width_top_phone=\u00bb0px\u00bb border_width_top_last_edited=\u00bbon|phone\u00bb global_colors_info=\u00bb{}\u00bb]<\/p>\n<p><span style=\"text-decoration: line-through;\"><strong>&#8230;&#8230;.<\/strong><\/span><strong> <\/strong>CONTACT US <span style=\"text-decoration: line-through;\"><strong>&#8230;&#8230;.<\/strong><\/span><\/p>\n<p>[\/et_pb_text][\/et_pb_column][\/et_pb_row][\/et_pb_section][et_pb_section fb_built=\u00bb1&#8243; _builder_version=\u00bb4.23.2&#8243; _module_preset=\u00bbdefault\u00bb background_color=\u00bb#007e3d\u00bb height=\u00bb115px\u00bb locked=\u00bboff\u00bb global_colors_info=\u00bb{}\u00bb][et_pb_row _builder_version=\u00bb4.23.2&#8243; _module_preset=\u00bbdefault\u00bb global_colors_info=\u00bb{}\u00bb][et_pb_column type=\u00bb4_4&#8243; _builder_version=\u00bb4.23.2&#8243; _module_preset=\u00bbdefault\u00bb global_colors_info=\u00bb{}\u00bb][et_pb_text _builder_version=\u00bb4.23.2&#8243; _module_preset=\u00bbdefault\u00bb text_font=\u00bbRaleway|600|||||||\u00bb text_text_color=\u00bb#FFFFFF\u00bb text_font_size=\u00bb25px\u00bb text_orientation=\u00bbcenter\u00bb custom_margin=\u00bb-40px||||false|false\u00bb custom_margin_tablet=\u00bb-40px||||false|false\u00bb custom_margin_phone=\u00bb-55px||||false|false\u00bb custom_margin_last_edited=\u00bbon|phone\u00bb text_font_size_tablet=\u00bb25px\u00bb text_font_size_phone=\u00bb20px\u00bb text_font_size_last_edited=\u00bbon|phone\u00bb global_colors_info=\u00bb{}\u00bb]<\/p>\n<p><strong>Amauta\u2019s Business EIRL will respond to you as soon as possible.<\/strong><\/p>\n<p>[\/et_pb_text][\/et_pb_column][\/et_pb_row][\/et_pb_section][et_pb_section fb_built=\u00bb1&#8243; _builder_version=\u00bb4.23.2&#8243; _module_preset=\u00bbdefault\u00bb background_color=\u00bb#f9f9f9&#8243; background_enable_image=\u00bboff\u00bb locked=\u00bboff\u00bb global_colors_info=\u00bb{}\u00bb][et_pb_row column_structure=\u00bb2_5,3_5&#8243; _builder_version=\u00bb4.23.2&#8243; _module_preset=\u00bbdefault\u00bb global_colors_info=\u00bb{}\u00bb][et_pb_column type=\u00bb2_5&#8243; _builder_version=\u00bb4.23.2&#8243; _module_preset=\u00bbdefault\u00bb global_colors_info=\u00bb{}\u00bb][et_pb_text _builder_version=\u00bb4.23.2&#8243; _module_preset=\u00bbdefault\u00bb text_font=\u00bbPoppins|600|||||||\u00bb text_text_color=\u00bb#272727&#8243; text_font_size=\u00bb39px\u00bb text_orientation=\u00bbcenter\u00bb global_colors_info=\u00bb{}\u00bb]<\/p>\n<p>Find us<\/p>\n<p>[\/et_pb_text][et_pb_code _builder_version=\u00bb4.23.2&#8243; _module_preset=\u00bbdefault\u00bb border_radii=\u00bbon|30px|30px|30px|30px\u00bb box_shadow_style=\u00bbpreset1&#8243; global_colors_info=\u00bb{}\u00bb]<iframe src=\"https:\/\/www.google.com\/maps\/embed?pb=!1m18!1m12!1m3!1d3919.788210587396!2d-77.76095782635855!3d-10.750799519124051!2m3!1f0!2f0!3f0!3m2!1i1024!2i768!4f13.1!3m3!1m2!1s0x910737efcabe0d35%3A0x81d57e045a08d6d!2sPje.%20Julio%20C.%20Tello%2C%20Barranca%2015169%2C%20Per%C3%BA!5e0!3m2!1ses-419!2sco!4v1704905735548!5m2!1ses-419!2sco\" width=\"500\" height=\"200\" style=\"border:0;\" allowfullscreen=\"\" loading=\"lazy\" referrerpolicy=\"no-referrer-when-downgrade\"><\/iframe>[\/et_pb_code][et_pb_blurb title=\u00bbDirecci\u00f3n\u00bb use_icon=\u00bbon\u00bb font_icon=\u00bb&#xf689;||fa||900&#8243; icon_color=\u00bb#272727&#8243; icon_placement=\u00bbleft\u00bb _builder_version=\u00bb4.23.2&#8243; _module_preset=\u00bbdefault\u00bb header_font=\u00bbPoppins||||||||\u00bb header_text_color=\u00bb#000000&#8243; body_font=\u00bbArial|500|||||||\u00bb body_text_color=\u00bb#000000&#8243; body_font_size=\u00bb15px\u00bb background_color=\u00bb#e2e2e2&#8243; width=\u00bb90%\u00bb custom_padding=\u00bb10px|20px|10px|20px|true|true\u00bb header_font_size_tablet=\u00bb\u00bb header_font_size_phone=\u00bb17px\u00bb header_font_size_last_edited=\u00bbon|phone\u00bb body_font_size_tablet=\u00bb15px\u00bb body_font_size_phone=\u00bb12px\u00bb body_font_size_last_edited=\u00bbon|phone\u00bb border_radii=\u00bbon|20px|20px|20px|20px\u00bb box_shadow_style=\u00bbpreset2&#8243; global_colors_info=\u00bb{}\u00bb]<\/p>\n<p><span style=\"text-decoration: underline; color: #000000;\"><a href=\"https:\/\/maps.app.goo.gl\/5i3n8VS9U1MHGzQE8\" style=\"color: #000000; text-decoration: underline;\">Pasaje Tello N\u00b0131, Office 10, Barranca, Lima, Peru.<\/a><\/span><\/p>\n<p>[\/et_pb_blurb][et_pb_blurb title=\u00bbWhatsapp\u00bb use_icon=\u00bbon\u00bb font_icon=\u00bb&#xf232;||fa||400&#8243; icon_color=\u00bb#00bb2d\u00bb icon_placement=\u00bbleft\u00bb _builder_version=\u00bb4.23.2&#8243; _module_preset=\u00bbdefault\u00bb header_font=\u00bbPoppins||||||||\u00bb header_text_color=\u00bb#000000&#8243; body_font=\u00bbArial|500|||||||\u00bb body_text_color=\u00bb#000000&#8243; body_font_size=\u00bb15px\u00bb background_color=\u00bb#e2e2e2&#8243; width=\u00bb90%\u00bb custom_padding=\u00bb10px|20px|10px|20px|true|true\u00bb header_font_size_tablet=\u00bb\u00bb header_font_size_phone=\u00bb17px\u00bb header_font_size_last_edited=\u00bbon|phone\u00bb body_font_size_tablet=\u00bb15px\u00bb body_font_size_phone=\u00bb12px\u00bb body_font_size_last_edited=\u00bbon|phone\u00bb border_radii=\u00bbon|20px|20px|20px|20px\u00bb box_shadow_style=\u00bbpreset2&#8243; global_colors_info=\u00bb{}\u00bb]<\/p>\n<p><span><span style=\"text-decoration: underline;\"><span style=\"color: #333333; text-decoration: underline;\"><a href=\"https:\/\/wa.me\/+51983749929\" style=\"color: #333333; text-decoration: underline;\">+51 983749929<\/a><\/span><\/span> \/ <span style=\"text-decoration: underline;\"><span style=\"color: #000000; text-decoration: underline;\"><a href=\"https:\/\/wa.me\/+51994080289\" style=\"color: #000000; text-decoration: underline;\">+51 994080289<\/a><\/span><\/span><\/span><\/p>\n<p>[\/et_pb_blurb][et_pb_blurb title=\u00bbCorreo electr\u00f3nico\u00bb use_icon=\u00bbon\u00bb font_icon=\u00bb&#xf1fa;||fa||900&#8243; icon_color=\u00bb#0C71C3&#8243; icon_placement=\u00bbleft\u00bb _builder_version=\u00bb4.23.2&#8243; _module_preset=\u00bbdefault\u00bb header_font=\u00bbPoppins||||||||\u00bb header_text_color=\u00bb#000000&#8243; body_font=\u00bbArial||||||||\u00bb body_text_color=\u00bb#000000&#8243; body_font_size=\u00bb15px\u00bb background_color=\u00bb#e2e2e2&#8243; width=\u00bb90%\u00bb custom_padding=\u00bb10px|20px|10px|20px|true|true\u00bb header_font_size_tablet=\u00bb\u00bb header_font_size_phone=\u00bb17px\u00bb header_font_size_last_edited=\u00bbon|phone\u00bb body_font_size_tablet=\u00bb15px\u00bb body_font_size_phone=\u00bb12px\u00bb body_font_size_last_edited=\u00bbon|phone\u00bb border_radii=\u00bbon|20px|20px|20px|20px\u00bb box_shadow_style=\u00bbpreset2&#8243; global_colors_info=\u00bb{}\u00bb]<\/p>\n<p><span style=\"text-decoration: underline;\"><span style=\"color: #000000; text-decoration: underline;\">\u00a0<\/span><\/span><a href=\"mailto:jmilla@amautasbusiness.com\"><span style=\"text-decoration: underline;\"><span style=\"color: #000000; text-decoration: underline;\">jmilla@amautasbusiness.com<\/span><\/span><\/a> \/ <span style=\"text-decoration: underline;\"><span style=\"color: #000000; text-decoration: underline;\"><a href=\"mailto:amilla@amautasbusiness.com\" style=\"color: #000000; text-decoration: underline;\">amilla@amautasbusiness.com<\/a><\/span><\/span><\/p>\n<p>[\/et_pb_blurb][\/et_pb_column][et_pb_column type=\u00bb3_5&#8243; _builder_version=\u00bb4.23.2&#8243; _module_preset=\u00bbdefault\u00bb global_colors_info=\u00bb{}\u00bb][et_pb_text _builder_version=\u00bb4.23.4&#8243; _module_preset=\u00bbdefault\u00bb text_font=\u00bbPoppins|600|||||||\u00bb text_text_color=\u00bb#272727&#8243; text_font_size=\u00bb54px\u00bb text_line_height=\u00bb1em\u00bb text_orientation=\u00bbcenter\u00bb custom_margin_tablet=\u00bb100px||||false|false\u00bb custom_margin_phone=\u00bb30px||||false|false\u00bb custom_margin_last_edited=\u00bbon|phone\u00bb text_font_size_tablet=\u00bb54px\u00bb text_font_size_phone=\u00bb35px\u00bb text_font_size_last_edited=\u00bbon|phone\u00bb text_line_height_tablet=\u00bb\u00bb text_line_height_phone=\u00bb1em\u00bb text_line_height_last_edited=\u00bbon|phone\u00bb locked=\u00bboff\u00bb global_colors_info=\u00bb{}\u00bb]<\/p>\n<p>Contact us RIGHT NOW <strong>\u00a0<\/strong><\/p>\n<p>[\/et_pb_text][et_pb_contact_form captcha=\u00bboff\u00bb email=\u00bbjmilla@amautasbusiness.com\u00bb custom_message=\u00bbHa llegado un nuevo mensaje:||et_pb_line_break_holder||||et_pb_line_break_holder||Nombre completo: %%Name%%||et_pb_line_break_holder||Telef\u00f3no: %%Cel%%||et_pb_line_break_holder||Correo electr\u00f3nico: %%Email%%||et_pb_line_break_holder||Mensaje: %%Message%%\u00bb success_message=\u00bbSu mensaje fue env\u00edado correctamente\u00bb submit_button_text=\u00bbEnv\u00edar\u00bb _builder_version=\u00bb4.27.4&#8243; _module_preset=\u00bbdefault\u00bb _unique_id=\u00bb407b5ebf-85b5-492a-b452-004305ecc5ec\u00bb form_field_background_color=\u00bb#e2e2e2&#8243; form_field_text_color=\u00bb#000000&#8243; form_field_focus_background_color=\u00bb#e2e2e2&#8243; form_field_focus_text_color=\u00bb#000000&#8243; form_field_font=\u00bbRaleway|500|||||||\u00bb form_field_font_size=\u00bb17px\u00bb custom_button=\u00bbon\u00bb button_text_color=\u00bb#FFFFFF\u00bb button_bg_color=\u00bb#007e3d\u00bb button_border_width=\u00bb0px\u00bb button_border_radius=\u00bb20px\u00bb button_font=\u00bbPoppins||||||||\u00bb custom_margin=\u00bb50px||||false|false\u00bb hover_enabled=\u00bb0&#8243; border_radii=\u00bbon|20px|20px|20px|20px\u00bb global_colors_info=\u00bb{}\u00bb sticky_enabled=\u00bb0&#8243;][et_pb_contact_field field_id=\u00bbName\u00bb field_title=\u00bbNombre\u00bb _builder_version=\u00bb4.23.2&#8243; global_colors_info=\u00bb{}\u00bb button_text_size__hover_enabled=\u00bboff\u00bb button_one_text_size__hover_enabled=\u00bboff\u00bb button_two_text_size__hover_enabled=\u00bboff\u00bb button_text_color__hover_enabled=\u00bboff\u00bb button_one_text_color__hover_enabled=\u00bboff\u00bb button_two_text_color__hover_enabled=\u00bboff\u00bb button_border_width__hover_enabled=\u00bboff\u00bb button_one_border_width__hover_enabled=\u00bboff\u00bb button_two_border_width__hover_enabled=\u00bboff\u00bb button_border_color__hover_enabled=\u00bboff\u00bb button_one_border_color__hover_enabled=\u00bboff\u00bb button_two_border_color__hover_enabled=\u00bboff\u00bb button_border_radius__hover_enabled=\u00bboff\u00bb button_one_border_radius__hover_enabled=\u00bboff\u00bb button_two_border_radius__hover_enabled=\u00bboff\u00bb button_letter_spacing__hover_enabled=\u00bboff\u00bb button_one_letter_spacing__hover_enabled=\u00bboff\u00bb button_two_letter_spacing__hover_enabled=\u00bboff\u00bb button_bg_color__hover_enabled=\u00bboff\u00bb button_one_bg_color__hover_enabled=\u00bboff\u00bb button_two_bg_color__hover_enabled=\u00bboff\u00bb][\/et_pb_contact_field][et_pb_contact_field field_id=\u00bbCel\u00bb field_title=\u00bbTel\u00e9fono\u00bb allowed_symbols=\u00bbnumbers\u00bb _builder_version=\u00bb4.23.2&#8243; global_colors_info=\u00bb{}\u00bb button_text_size__hover_enabled=\u00bboff\u00bb button_one_text_size__hover_enabled=\u00bboff\u00bb button_two_text_size__hover_enabled=\u00bboff\u00bb button_text_color__hover_enabled=\u00bboff\u00bb button_one_text_color__hover_enabled=\u00bboff\u00bb button_two_text_color__hover_enabled=\u00bboff\u00bb button_border_width__hover_enabled=\u00bboff\u00bb button_one_border_width__hover_enabled=\u00bboff\u00bb button_two_border_width__hover_enabled=\u00bboff\u00bb button_border_color__hover_enabled=\u00bboff\u00bb button_one_border_color__hover_enabled=\u00bboff\u00bb button_two_border_color__hover_enabled=\u00bboff\u00bb button_border_radius__hover_enabled=\u00bboff\u00bb button_one_border_radius__hover_enabled=\u00bboff\u00bb button_two_border_radius__hover_enabled=\u00bboff\u00bb button_letter_spacing__hover_enabled=\u00bboff\u00bb button_one_letter_spacing__hover_enabled=\u00bboff\u00bb button_two_letter_spacing__hover_enabled=\u00bboff\u00bb button_bg_color__hover_enabled=\u00bboff\u00bb button_one_bg_color__hover_enabled=\u00bboff\u00bb button_two_bg_color__hover_enabled=\u00bboff\u00bb][\/et_pb_contact_field][et_pb_contact_field field_id=\u00bbEmail\u00bb field_title=\u00bbCorreo electr\u00f3nico\u00bb field_type=\u00bbemail\u00bb fullwidth_field=\u00bbon\u00bb _builder_version=\u00bb4.23.2&#8243; global_colors_info=\u00bb{}\u00bb button_text_size__hover_enabled=\u00bboff\u00bb button_one_text_size__hover_enabled=\u00bboff\u00bb button_two_text_size__hover_enabled=\u00bboff\u00bb button_text_color__hover_enabled=\u00bboff\u00bb button_one_text_color__hover_enabled=\u00bboff\u00bb button_two_text_color__hover_enabled=\u00bboff\u00bb button_border_width__hover_enabled=\u00bboff\u00bb button_one_border_width__hover_enabled=\u00bboff\u00bb button_two_border_width__hover_enabled=\u00bboff\u00bb button_border_color__hover_enabled=\u00bboff\u00bb button_one_border_color__hover_enabled=\u00bboff\u00bb button_two_border_color__hover_enabled=\u00bboff\u00bb button_border_radius__hover_enabled=\u00bboff\u00bb button_one_border_radius__hover_enabled=\u00bboff\u00bb button_two_border_radius__hover_enabled=\u00bboff\u00bb button_letter_spacing__hover_enabled=\u00bboff\u00bb button_one_letter_spacing__hover_enabled=\u00bboff\u00bb button_two_letter_spacing__hover_enabled=\u00bboff\u00bb button_bg_color__hover_enabled=\u00bboff\u00bb button_one_bg_color__hover_enabled=\u00bboff\u00bb button_two_bg_color__hover_enabled=\u00bboff\u00bb][\/et_pb_contact_field][et_pb_contact_field field_id=\u00bbMessage\u00bb field_title=\u00bbMensaje\u00bb field_type=\u00bbtext\u00bb fullwidth_field=\u00bbon\u00bb _builder_version=\u00bb4.23.2&#8243; global_colors_info=\u00bb{}\u00bb button_text_size__hover_enabled=\u00bboff\u00bb button_one_text_size__hover_enabled=\u00bboff\u00bb button_two_text_size__hover_enabled=\u00bboff\u00bb button_text_color__hover_enabled=\u00bboff\u00bb button_one_text_color__hover_enabled=\u00bboff\u00bb button_two_text_color__hover_enabled=\u00bboff\u00bb button_border_width__hover_enabled=\u00bboff\u00bb button_one_border_width__hover_enabled=\u00bboff\u00bb button_two_border_width__hover_enabled=\u00bboff\u00bb button_border_color__hover_enabled=\u00bboff\u00bb button_one_border_color__hover_enabled=\u00bboff\u00bb button_two_border_color__hover_enabled=\u00bboff\u00bb button_border_radius__hover_enabled=\u00bboff\u00bb button_one_border_radius__hover_enabled=\u00bboff\u00bb button_two_border_radius__hover_enabled=\u00bboff\u00bb button_letter_spacing__hover_enabled=\u00bboff\u00bb button_one_letter_spacing__hover_enabled=\u00bboff\u00bb button_two_letter_spacing__hover_enabled=\u00bboff\u00bb button_bg_color__hover_enabled=\u00bboff\u00bb button_one_bg_color__hover_enabled=\u00bboff\u00bb button_two_bg_color__hover_enabled=\u00bboff\u00bb][\/et_pb_contact_field][et_pb_contact_field field_id=\u00bbterminos\u00bb field_title=\u00bbTe recomiendo leer nuestros t\u00e9rminos y condiciones\u00bb field_type=\u00bbcheckbox\u00bb checkbox_options=\u00bb%91{%22value%22:%22Acepto los %22,%22checked%22:0,%22dragID%22:-1,%22link_text%22:%22(T\u00e9rminos y condiciones)%22,%22link_url%22:%22#%22}%93&#8243; fullwidth_field=\u00bbon\u00bb _builder_version=\u00bb4.23.2&#8243; _module_preset=\u00bbdefault\u00bb global_colors_info=\u00bb{}\u00bb][\/et_pb_contact_field][\/et_pb_contact_form][\/et_pb_column][\/et_pb_row][\/et_pb_section]<\/p>","protected":false},"excerpt":{"rendered":"<p>&#8230;&#8230;. CONTACTO &#8230;&#8230;.Amauta&#8217;s Business EIRL te responder\u00e1 lo m\u00e1s pronto posibleUb\u00edcanosPasaje Tello N\u00b0131, Oficina 10, Barranca, Lima, Per\u00fa.+51 983749929 \/ +51 994080289\u00a0jmilla@amautasbusiness.com \/ amilla@amautasbusiness.comCont\u00e1ctanos AHORA \u00a0<\/p>","protected":false},"author":1,"featured_media":0,"parent":0,"menu_order":0,"comment_status":"closed","ping_status":"closed","template":"","meta":{"_et_pb_use_builder":"on","_et_pb_old_content":"<!-- wp:divi\/placeholder \/-->","_et_gb_content_width":"","footnotes":""},"class_list":["post-32","page","type-page","status-publish","hentry"],"yoast_head":"<!-- This site is optimized with the Yoast SEO plugin v27.4 - https:\/\/yoast.com\/product\/yoast-seo-wordpress\/ -->\n<title>Contacto - Amautas Business<\/title>\n<meta name=\"robots\" content=\"index, follow, max-snippet:-1, max-image-preview:large, max-video-preview:-1\" \/>\n<link rel=\"canonical\" href=\"https:\/\/amautasbusiness.com\/en\/contacto\/\" \/>\n<meta property=\"og:locale\" content=\"en_US\" \/>\n<meta property=\"og:type\" content=\"article\" \/>\n<meta property=\"og:title\" content=\"Contacto - Amautas Business\" \/>\n<meta property=\"og:description\" content=\"....... CONTACTO .......Amauta&#039;s Business EIRL te responder\u00e1 lo m\u00e1s pronto posibleUb\u00edcanosPasaje Tello N\u00b0131, Oficina 10, Barranca, Lima, Per\u00fa.+51 983749929 \/ +51 994080289\u00a0jmilla@amautasbusiness.com \/ amilla@amautasbusiness.comCont\u00e1ctanos AHORA \u00a0\" \/>\n<meta property=\"og:url\" content=\"https:\/\/amautasbusiness.com\/en\/contacto\/\" \/>\n<meta property=\"og:site_name\" content=\"Amautas Business\" \/>\n<meta property=\"article:modified_time\" content=\"2025-10-31T04:30:51+00:00\" \/>\n<meta name=\"twitter:card\" content=\"summary_large_image\" \/>\n<script type=\"application\/ld+json\" class=\"yoast-schema-graph\">{\"@context\":\"https:\\\/\\\/schema.org\",\"@graph\":[{\"@type\":\"WebPage\",\"@id\":\"https:\\\/\\\/amautasbusiness.com\\\/contacto\\\/\",\"url\":\"https:\\\/\\\/amautasbusiness.com\\\/contacto\\\/\",\"name\":\"Contacto - Amautas Business\",\"isPartOf\":{\"@id\":\"https:\\\/\\\/amautasbusiness.com\\\/#website\"},\"datePublished\":\"2024-01-13T20:57:11+00:00\",\"dateModified\":\"2025-10-31T04:30:51+00:00\",\"breadcrumb\":{\"@id\":\"https:\\\/\\\/amautasbusiness.com\\\/contacto\\\/#breadcrumb\"},\"inLanguage\":\"en-US\",\"potentialAction\":[{\"@type\":\"ReadAction\",\"target\":[\"https:\\\/\\\/amautasbusiness.com\\\/contacto\\\/\"]}]},{\"@type\":\"BreadcrumbList\",\"@id\":\"https:\\\/\\\/amautasbusiness.com\\\/contacto\\\/#breadcrumb\",\"itemListElement\":[{\"@type\":\"ListItem\",\"position\":1,\"name\":\"Inicio\",\"item\":\"https:\\\/\\\/amautasbusiness.com\\\/\"},{\"@type\":\"ListItem\",\"position\":2,\"name\":\"Contacto\"}]},{\"@type\":\"WebSite\",\"@id\":\"https:\\\/\\\/amautasbusiness.com\\\/#website\",\"url\":\"https:\\\/\\\/amautasbusiness.com\\\/\",\"name\":\"Amautas Business\",\"description\":\"\",\"potentialAction\":[{\"@type\":\"SearchAction\",\"target\":{\"@type\":\"EntryPoint\",\"urlTemplate\":\"https:\\\/\\\/amautasbusiness.com\\\/?s={search_term_string}\"},\"query-input\":{\"@type\":\"PropertyValueSpecification\",\"valueRequired\":true,\"valueName\":\"search_term_string\"}}],\"inLanguage\":\"en-US\"}]}<\/script>\n<!-- \/ Yoast SEO plugin. -->","yoast_head_json":{"title":"Contacto - Amautas Business","robots":{"index":"index","follow":"follow","max-snippet":"max-snippet:-1","max-image-preview":"max-image-preview:large","max-video-preview":"max-video-preview:-1"},"canonical":"https:\/\/amautasbusiness.com\/en\/contacto\/","og_locale":"en_US","og_type":"article","og_title":"Contacto - Amautas Business","og_description":"....... CONTACTO .......Amauta's Business EIRL te responder\u00e1 lo m\u00e1s pronto posibleUb\u00edcanosPasaje Tello N\u00b0131, Oficina 10, Barranca, Lima, Per\u00fa.+51 983749929 \/ +51 994080289\u00a0jmilla@amautasbusiness.com \/ amilla@amautasbusiness.comCont\u00e1ctanos AHORA \u00a0","og_url":"https:\/\/amautasbusiness.com\/en\/contacto\/","og_site_name":"Amautas Business","article_modified_time":"2025-10-31T04:30:51+00:00","twitter_card":"summary_large_image","schema":{"@context":"https:\/\/schema.org","@graph":[{"@type":"WebPage","@id":"https:\/\/amautasbusiness.com\/contacto\/","url":"https:\/\/amautasbusiness.com\/contacto\/","name":"Contacto - Amautas Business","isPartOf":{"@id":"https:\/\/amautasbusiness.com\/#website"},"datePublished":"2024-01-13T20:57:11+00:00","dateModified":"2025-10-31T04:30:51+00:00","breadcrumb":{"@id":"https:\/\/amautasbusiness.com\/contacto\/#breadcrumb"},"inLanguage":"en-US","potentialAction":[{"@type":"ReadAction","target":["https:\/\/amautasbusiness.com\/contacto\/"]}]},{"@type":"BreadcrumbList","@id":"https:\/\/amautasbusiness.com\/contacto\/#breadcrumb","itemListElement":[{"@type":"ListItem","position":1,"name":"Inicio","item":"https:\/\/amautasbusiness.com\/"},{"@type":"ListItem","position":2,"name":"Contacto"}]},{"@type":"WebSite","@id":"https:\/\/amautasbusiness.com\/#website","url":"https:\/\/amautasbusiness.com\/","name":"Amautas Business","description":"","potentialAction":[{"@type":"SearchAction","target":{"@type":"EntryPoint","urlTemplate":"https:\/\/amautasbusiness.com\/?s={search_term_string}"},"query-input":{"@type":"PropertyValueSpecification","valueRequired":true,"valueName":"search_term_string"}}],"inLanguage":"en-US"}]}},"_links":{"self":[{"href":"https:\/\/amautasbusiness.com\/en\/wp-json\/wp\/v2\/pages\/32","targetHints":{"allow":["GET"]}}],"collection":[{"href":"https:\/\/amautasbusiness.com\/en\/wp-json\/wp\/v2\/pages"}],"about":[{"href":"https:\/\/amautasbusiness.com\/en\/wp-json\/wp\/v2\/types\/page"}],"author":[{"embeddable":true,"href":"https:\/\/amautasbusiness.com\/en\/wp-json\/wp\/v2\/users\/1"}],"replies":[{"embeddable":true,"href":"https:\/\/amautasbusiness.com\/en\/wp-json\/wp\/v2\/comments?post=32"}],"version-history":[{"count":6,"href":"https:\/\/amautasbusiness.com\/en\/wp-json\/wp\/v2\/pages\/32\/revisions"}],"predecessor-version":[{"id":273,"href":"https:\/\/amautasbusiness.com\/en\/wp-json\/wp\/v2\/pages\/32\/revisions\/273"}],"wp:attachment":[{"href":"https:\/\/amautasbusiness.com\/en\/wp-json\/wp\/v2\/media?parent=32"}],"curies":[{"name":"wp","href":"https:\/\/api.w.org\/{rel}","templated":true}]}}